{"id":99,"date":"2017-01-22T22:43:22","date_gmt":"2017-01-22T21:43:22","guid":{"rendered":"http:\/\/ace-translation.com\/?page_id=99"},"modified":"2025-06-24T09:50:47","modified_gmt":"2025-06-24T07:50:47","slug":"nos-tarifs","status":"publish","type":"page","link":"https:\/\/ace-translation.com\/index.php\/nos-tarifs\/","title":{"rendered":"Tarifs"},"content":{"rendered":"<p>ACE Translation vous propose la traduction de vos documents aux tarifs les plus raisonnables et abordables du march\u00e9. Ceux-ci sont d\u00e9gressifs en fonction du volume, et vous pouvez b\u00e9n\u00e9ficier d&#8217;une communication au plus pr\u00e8s de votre traducteur.<\/p>\n<p>Retrouvez ci-dessous les tarifs indicatifs pour une traduction. Ceux-ci peuvent varier en fonction de la raret\u00e9 de la langue source ou cible, n&#8217;h\u00e9sitez pas \u00e0 nous contacter pour plus d&#8217;informations ou obtenir un devis.<\/p>\n<p>&nbsp;<\/p>\n<p><strong>Traduction asserment\u00e9e<\/strong><\/p>\n<p>45\u20ac \/ page<\/p>\n<p><strong>Traduction\u00a0simple<\/strong><\/p>\n<p>20\u20ac \/ page<\/p>\n<p><strong>R\u00e9vision traduction asserment\u00e9e<\/strong><\/p>\n<p>10\u20ac \/ page<\/p>\n<p><strong>R\u00e9vision traduction simple<\/strong><\/p>\n<p>10\u20ac \/ page<\/p>\n<p>&nbsp;<\/p>\n","protected":false},"excerpt":{"rendered":"<p>ACE Translation vous propose la traduction de vos documents aux tarifs les plus raisonnables et abordables du march\u00e9. Ceux-ci sont d\u00e9gressifs en fonction du volume, et vous pouvez b\u00e9n\u00e9ficier d&#8217;une communication au plus pr\u00e8s de votre traducteur. Retrouvez ci-dessous les tarifs indicatifs pour une traduction. Ceux-ci peuvent varier en fonction de la raret\u00e9 de la [&hellip;]<\/p>\n","protected":false},"author":1,"featured_media":0,"parent":0,"menu_order":5,"comment_status":"closed","ping_status":"closed","template":"","meta":{"footnotes":""},"_links":{"self":[{"href":"https:\/\/ace-translation.com\/index.php\/wp-json\/wp\/v2\/pages\/99"}],"collection":[{"href":"https:\/\/ace-translation.com\/index.php\/wp-json\/wp\/v2\/pages"}],"about":[{"href":"https:\/\/ace-translation.com\/index.php\/wp-json\/wp\/v2\/types\/page"}],"author":[{"embeddable":true,"href":"https:\/\/ace-translation.com\/index.php\/wp-json\/wp\/v2\/users\/1"}],"replies":[{"embeddable":true,"href":"https:\/\/ace-translation.com\/index.php\/wp-json\/wp\/v2\/comments?post=99"}],"version-history":[{"count":13,"href":"https:\/\/ace-translation.com\/index.php\/wp-json\/wp\/v2\/pages\/99\/revisions"}],"predecessor-version":[{"id":219,"href":"https:\/\/ace-translation.com\/index.php\/wp-json\/wp\/v2\/pages\/99\/revisions\/219"}],"wp:attachment":[{"href":"https:\/\/ace-translation.com\/index.php\/wp-json\/wp\/v2\/media?parent=99"}],"curies":[{"name":"wp","href":"https:\/\/api.w.org\/{rel}","templated":true}]}}