{"id":64,"date":"2017-01-22T19:48:45","date_gmt":"2017-01-22T18:48:45","guid":{"rendered":"http:\/\/ace-translation.com\/?page_id=64"},"modified":"2025-06-24T09:47:49","modified_gmt":"2025-06-24T07:47:49","slug":"contact","status":"publish","type":"page","link":"https:\/\/ace-translation.com\/index.php\/contact\/","title":{"rendered":"Contact"},"content":{"rendered":"<p><strong>Coordonn\u00e9es de contact pour un devis, une demande ou toute autre information<\/strong><\/p>\n<p><em>(Suite \u00e0 la recrudescence d&#8217;appels frauduleux, le premier contact se fait par email ou sur Facebook. Merci de votre compr\u00e9hension.)<\/em><\/p>\n<p>Adresse e-mail : <a href=\"mailto:aymeric.chevalier@sfr.fr\">aymeric.chevalier@sfr.fr<\/a><\/p>\n<p>Page Facebook :\u00a0<a href=\"https:\/\/www.facebook.com\/traductionchevalier\/\">https:\/\/www.facebook.com\/traductionchevalier\/<\/a><\/p>\n<p><strong>D\u00e9marches pour l&#8217;obtention de votre traduction<\/strong><\/p>\n<p>La traduction est r\u00e9alis\u00e9e dans les meilleurs d\u00e9lais et une photocopie num\u00e9rique est envoy\u00e9e dans un premier temps, puis la traduction est envoy\u00e9e par courrier apr\u00e8s r\u00e9ception du paiement.<\/p>\n<p>En cas de traduction urgente, l&#8217;envoi postal peut \u00eatre effectu\u00e9 une fois la preuve de paiement fournie (capture d&#8217;\u00e9cran, etc.)<\/p>\n<p>&nbsp;<\/p>\n<div id=\"attachment_35\" style=\"width: 485px\" class=\"wp-caption aligncenter\"><img loading=\"lazy\" decoding=\"async\" aria-describedby=\"caption-attachment-35\" class=\"wp-image-35\" src=\"http:\/\/ace-translation.com\/wp-content\/uploads\/2017\/01\/02-300x169.jpg\" alt=\"\" width=\"475\" height=\"268\" srcset=\"https:\/\/ace-translation.com\/wp-content\/uploads\/2017\/01\/02-300x169.jpg 300w, https:\/\/ace-translation.com\/wp-content\/uploads\/2017\/01\/02-768x432.jpg 768w, https:\/\/ace-translation.com\/wp-content\/uploads\/2017\/01\/02.jpg 1024w, https:\/\/ace-translation.com\/wp-content\/uploads\/2017\/01\/02-2x1.jpg 2w\" sizes=\"(max-width: 475px) 100vw, 475px\" \/><p id=\"caption-attachment-35\" class=\"wp-caption-text\"><em>\u00a0 \u00a0 \u00a0 \u00a0 \u00a0 \u00a0 \u00a0 \u00a0 \u00a0 \u00a0 \u00a0 \u00a0 \u00a0 \u00a0 \u00a0 \u00a0 \u00a0 \u00a0 \u00a0 \u00a0 \u00a0 \u00a0 \u00a0 \u00a0 \u00a0 \u00a0 \u00a0 \u00a0 \u00a0 \u00a0 \u00a0 \u00a0 \u00a0 \u00a0 \u00a0 \u00a0 \u00a0 \u00a0 \u00a0 \u00a0 \u00a0 \u00a0 \u00a0 \u00a0 Pont de fil, Tours.<\/em><\/p><\/div>\n","protected":false},"excerpt":{"rendered":"<p>Coordonn\u00e9es de contact pour un devis, une demande ou toute autre information (Suite \u00e0 la recrudescence d&#8217;appels frauduleux, le premier contact se fait par email ou sur Facebook. Merci de votre compr\u00e9hension.) Adresse e-mail : aymeric.chevalier@sfr.fr Page Facebook :\u00a0https:\/\/www.facebook.com\/traductionchevalier\/ D\u00e9marches pour l&#8217;obtention de votre traduction La traduction est r\u00e9alis\u00e9e dans les meilleurs d\u00e9lais et une [&hellip;]<\/p>\n","protected":false},"author":1,"featured_media":0,"parent":0,"menu_order":7,"comment_status":"closed","ping_status":"closed","template":"","meta":{"footnotes":""},"_links":{"self":[{"href":"https:\/\/ace-translation.com\/index.php\/wp-json\/wp\/v2\/pages\/64"}],"collection":[{"href":"https:\/\/ace-translation.com\/index.php\/wp-json\/wp\/v2\/pages"}],"about":[{"href":"https:\/\/ace-translation.com\/index.php\/wp-json\/wp\/v2\/types\/page"}],"author":[{"embeddable":true,"href":"https:\/\/ace-translation.com\/index.php\/wp-json\/wp\/v2\/users\/1"}],"replies":[{"embeddable":true,"href":"https:\/\/ace-translation.com\/index.php\/wp-json\/wp\/v2\/comments?post=64"}],"version-history":[{"count":14,"href":"https:\/\/ace-translation.com\/index.php\/wp-json\/wp\/v2\/pages\/64\/revisions"}],"predecessor-version":[{"id":217,"href":"https:\/\/ace-translation.com\/index.php\/wp-json\/wp\/v2\/pages\/64\/revisions\/217"}],"wp:attachment":[{"href":"https:\/\/ace-translation.com\/index.php\/wp-json\/wp\/v2\/media?parent=64"}],"curies":[{"name":"wp","href":"https:\/\/api.w.org\/{rel}","templated":true}]}}