{"id":62,"date":"2017-01-22T19:48:10","date_gmt":"2017-01-22T18:48:10","guid":{"rendered":"http:\/\/ace-translation.com\/?page_id=62"},"modified":"2024-01-23T17:39:49","modified_gmt":"2024-01-23T16:39:49","slug":"revision","status":"publish","type":"page","link":"https:\/\/ace-translation.com\/index.php\/revision\/","title":{"rendered":"R\u00e9vision"},"content":{"rendered":"<p>Il est important de s&#8217;assurer qu&#8217;une traduction est conforme au document original. Pour cela, et comme il\u00a0arrive que certains \u00e9l\u00e9ments se &#8220;perdent dans la traduction&#8221;, une relecture sera plus que n\u00e9cessaire avant la production de la traduction finale afin de s&#8217;assurer de son efficacit\u00e9 et de sa coh\u00e9rence.<\/p>\n<p><strong>Tarifs pour une r\u00e9vision<\/strong><\/p>\n<p>A \u00e9tudier au cas par cas. Comptez <strong>10\u20ac<\/strong> pour une <strong>page standard<\/strong>.<\/p>\n<p><strong>TRADUCTION PARTICULIERS<\/strong><\/p>\n<p>La traduction ne s&#8217;arr\u00eate pas \u00e0 tous les documents n\u00e9cessitant une traduction asserment\u00e9e ou ayant une fin professionnelle. Il peut \u00e9galement s&#8217;agir de documents plus confidentiels ou li\u00e9s \u00e0 une demande personnelle, comme un CV ou une lettre de motivation, un extrait de naissance familial n\u00e9cessaire \u00e0 la compr\u00e9hension de l&#8217;arbre g\u00e9n\u00e9alogique, ou encore un document historique t\u00e9moignant du v\u00e9cu d&#8217;un parent ou grand-parent \u00e9tranger, comme un journal de bord ou un ensemble de registres de guerre.<\/p>\n<p><strong>Tarifs pour une traduction particuliers.<\/strong><\/p>\n<p><strong>25\u20ac<\/strong> la <strong>page standard<\/strong>. Le tarif est d\u00e9gressif en fonction du volume \u00e0 traduire.<\/p>\n","protected":false},"excerpt":{"rendered":"<p>Il est important de s&#8217;assurer qu&#8217;une traduction est conforme au document original. Pour cela, et comme il\u00a0arrive que certains \u00e9l\u00e9ments se &#8220;perdent dans la traduction&#8221;, une relecture sera plus que n\u00e9cessaire avant la production de la traduction finale afin de s&#8217;assurer de son efficacit\u00e9 et de sa coh\u00e9rence. Tarifs pour une r\u00e9vision A \u00e9tudier au [&hellip;]<\/p>\n","protected":false},"author":1,"featured_media":0,"parent":0,"menu_order":4,"comment_status":"closed","ping_status":"closed","template":"","meta":{"footnotes":""},"_links":{"self":[{"href":"https:\/\/ace-translation.com\/index.php\/wp-json\/wp\/v2\/pages\/62"}],"collection":[{"href":"https:\/\/ace-translation.com\/index.php\/wp-json\/wp\/v2\/pages"}],"about":[{"href":"https:\/\/ace-translation.com\/index.php\/wp-json\/wp\/v2\/types\/page"}],"author":[{"embeddable":true,"href":"https:\/\/ace-translation.com\/index.php\/wp-json\/wp\/v2\/users\/1"}],"replies":[{"embeddable":true,"href":"https:\/\/ace-translation.com\/index.php\/wp-json\/wp\/v2\/comments?post=62"}],"version-history":[{"count":15,"href":"https:\/\/ace-translation.com\/index.php\/wp-json\/wp\/v2\/pages\/62\/revisions"}],"predecessor-version":[{"id":203,"href":"https:\/\/ace-translation.com\/index.php\/wp-json\/wp\/v2\/pages\/62\/revisions\/203"}],"wp:attachment":[{"href":"https:\/\/ace-translation.com\/index.php\/wp-json\/wp\/v2\/media?parent=62"}],"curies":[{"name":"wp","href":"https:\/\/api.w.org\/{rel}","templated":true}]}}