{"id":59,"date":"2017-01-22T19:46:13","date_gmt":"2017-01-22T18:46:13","guid":{"rendered":"http:\/\/ace-translation.com\/?page_id=59"},"modified":"2025-06-24T09:49:24","modified_gmt":"2025-06-24T07:49:24","slug":"accueil","status":"publish","type":"page","link":"https:\/\/ace-translation.com\/","title":{"rendered":"Accueil"},"content":{"rendered":"<p>&nbsp;<\/p>\n<p>Bienvenue sur le site <strong>ACE Translation<\/strong>, votre agence de traduction asserment\u00e9e en fran\u00e7ais\/anglais\/espagnol\/portugais\/arabe\/russe\/ukrainien.<\/p>\n<p>Bas\u00e9e \u00e0 Tours, en Indre-et-Loire, elle se sp\u00e9cialise\u00a0 dans la traduction de documents n\u00e9cessitant une <strong>assermentation<\/strong>, c&#8217;est \u00e0 dire une reconnaissance juridique, administrative et institutionnelle (minist\u00e8res, universit\u00e9s, ambassades, tribunaux, pr\u00e9fectures, etc.) lors des d\u00e9marches pour s&#8217;installer ou \u00e9tudier \u00e0 l&#8217;\u00e9tranger (ou en France pour les \u00e9trangers), sans toutefois oublier la traduction <strong>commerciale<\/strong> (site internet, notice d&#8217;utilisation, etc.) et tout ce qui est li\u00e9 \u00e0 une demande plus personnelle ou professionnelle (CV, livret de famille, bulletin de salaire etc.).<\/p>\n<p>Depuis le d\u00e9but de son activit\u00e9, en 2016, les services de ACE Translation ont pu \u00eatre fournis \u00e0 de nombreux clients \u00e0 travers le monde, particuliers comme professionnels, <strong>reconnaissant l&#8217;opportunit\u00e9 d&#8217;une alternative aux tarifs \u00e9lev\u00e9s et aux longs d\u00e9lais de la concurrence<\/strong>, et se montrant satisfaits des services prodigu\u00e9s, n&#8217;h\u00e9sitant pas \u00e0 revenir vers nous en cas de nouvelle demande.<\/p>\n<p>Pour r\u00e9sumer, ACE Translation propose :<\/p>\n<ul>\n<li>Des <strong>tarifs raisonnables<\/strong><\/li>\n<li>Des <strong>d\u00e9lais<\/strong> de traduction\u00a0tr\u00e8s <strong>arrangeants<\/strong> (travail en urgence si n\u00e9cessaire)<\/li>\n<li>Une <strong>large gamme de domaines<\/strong> de traduction (juridique, commerciale, m\u00e9dicale, audiovisuelle, industrielle, touristique, etc.)<\/li>\n<li>Une <strong>grande disponibilit\u00e9<\/strong><\/li>\n<\/ul>\n","protected":false},"excerpt":{"rendered":"<p>&nbsp; Bienvenue sur le site ACE Translation, votre agence de traduction asserment\u00e9e en fran\u00e7ais\/anglais\/espagnol\/portugais\/arabe\/russe\/ukrainien. Bas\u00e9e \u00e0 Tours, en Indre-et-Loire, elle se sp\u00e9cialise\u00a0 dans la traduction de documents n\u00e9cessitant une assermentation, c&#8217;est \u00e0 dire une reconnaissance juridique, administrative et institutionnelle (minist\u00e8res, universit\u00e9s, ambassades, tribunaux, pr\u00e9fectures, etc.) lors des d\u00e9marches pour s&#8217;installer ou \u00e9tudier \u00e0 l&#8217;\u00e9tranger (ou [&hellip;]<\/p>\n","protected":false},"author":1,"featured_media":0,"parent":0,"menu_order":1,"comment_status":"closed","ping_status":"closed","template":"","meta":{"footnotes":""},"_links":{"self":[{"href":"https:\/\/ace-translation.com\/index.php\/wp-json\/wp\/v2\/pages\/59"}],"collection":[{"href":"https:\/\/ace-translation.com\/index.php\/wp-json\/wp\/v2\/pages"}],"about":[{"href":"https:\/\/ace-translation.com\/index.php\/wp-json\/wp\/v2\/types\/page"}],"author":[{"embeddable":true,"href":"https:\/\/ace-translation.com\/index.php\/wp-json\/wp\/v2\/users\/1"}],"replies":[{"embeddable":true,"href":"https:\/\/ace-translation.com\/index.php\/wp-json\/wp\/v2\/comments?post=59"}],"version-history":[{"count":13,"href":"https:\/\/ace-translation.com\/index.php\/wp-json\/wp\/v2\/pages\/59\/revisions"}],"predecessor-version":[{"id":218,"href":"https:\/\/ace-translation.com\/index.php\/wp-json\/wp\/v2\/pages\/59\/revisions\/218"}],"wp:attachment":[{"href":"https:\/\/ace-translation.com\/index.php\/wp-json\/wp\/v2\/media?parent=59"}],"curies":[{"name":"wp","href":"https:\/\/api.w.org\/{rel}","templated":true}]}}