{"id":56,"date":"2017-01-22T19:41:43","date_gmt":"2017-01-22T18:41:43","guid":{"rendered":"http:\/\/ace-translation.com\/?page_id=56"},"modified":"2024-01-23T17:20:05","modified_gmt":"2024-01-23T16:20:05","slug":"traduction-professionnelle","status":"publish","type":"page","link":"https:\/\/ace-translation.com\/index.php\/traduction-professionnelle\/","title":{"rendered":"Traduction simple"},"content":{"rendered":"<style type=\"text\/css\">\n\t<!-- @page { margin: 2cm } P { margin-bottom: 0.21cm } --><br \/>\t<\/style>\n<p>La traduction\u00a0simple sera n\u00e9cessaire aux entreprises et soci\u00e9t\u00e9s fran\u00e7aises et internationales voulant se d\u00e9velopper. Tout d&#8217;abord, le fonctionnement m\u00eame de l&#8217;entreprise exigera une traduction de qualit\u00e9 concernant son kbis, ses statuts, brevets ou encore ses contrats. Ces documents devront g\u00e9n\u00e9ralement \u00eatre asserment\u00e9s, mais il arrive que cela ne soit parfois pas n\u00e9cessaire.<\/p>\n<p>De plus, il est important de nos jours qu&#8217;une entreprise souhaitant se d\u00e9velopper communique efficacement. Ainsi, la traduction des documents commerciaux, d&#8217;un site internet, d&#8217;une notice, d&#8217;\u00e9l\u00e9ments marketing ou m\u00eame d&#8217;une communication avec un contact sera cruciale.<\/p>\n<p>Enfin, certains domaines entretiennent un rapport \u00e9troit \u00e0 la traduction, tel que le domaine de l&#8217;audiovisuel, en pleine expansion depuis quelques ann\u00e9es. Une traduction fid\u00e8le d&#8217;un document audiovisuel est capitale pour sa compr\u00e9hension et sa coh\u00e9rence. Pour un film, les dialogues, sous-titres et scripts seront tr\u00e8s attentivement traduits et adapt\u00e9s en fonction du pays cible de la traduction.<\/p>\n<p>&nbsp;<\/p>\n<p><strong>Tarifs pour une traduction\u00a0simple<\/strong><\/p>\n<p>Des\u00a0tarifs tr\u00e8s avantageux pour les professionnels sont mis en place.\u00a0Ceux-ci d\u00e9pendront du nombre de mots \u00e0 traduire, de la technicit\u00e9 du document, du nombre de pages, etc. Dans la combinaison Fran\u00e7ais\/Anglais, comptez environ <strong>25\u20ac<\/strong> pour une page standard en cas de <strong>traduction dite &#8220;simple&#8221;<\/strong>, c&#8217;est \u00e0 dire ne n\u00e9cessitant pas d&#8217;assermentation. En cas de <strong>traduction asserment\u00e9e<\/strong>, une page standard est tarif\u00e9e \u00e0 <strong>45\u20ac<\/strong>. Bien s\u00fbr, un tarif d\u00e9gressif est appliqu\u00e9 en fonction du volume \u00e0 traduire.<\/p>\n<p>&nbsp;<\/p>\n<p><strong>Exemples de documents n\u00e9cessitant une traduction commerciale<\/strong><\/p>\n<p>Site internet \u00a0 \u00a0 \u00a0 \u00a0 \u00a0 \u00a0 \u00a0 \u00a0 \u00a0 \u00a0 \u00a0 Contrat d&#8217;entreprise<\/p>\n<p>Brochure \u00a0 \u00a0 \u00a0 \u00a0 \u00a0 \u00a0 \u00a0 \u00a0 \u00a0 \u00a0 \u00a0 \u00a0 \u00a0 \u00a0Kbis<\/p>\n<p>Sous-titres \u00a0 \u00a0 \u00a0 \u00a0 \u00a0 \u00a0 \u00a0 \u00a0 \u00a0 \u00a0 \u00a0 \u00a0 E-mails<\/p>\n<p>Notice \u00a0 \u00a0 \u00a0 \u00a0 \u00a0 \u00a0 \u00a0 \u00a0 \u00a0 \u00a0 \u00a0 \u00a0 \u00a0 \u00a0 \u00a0 \u00a0Acte de propri\u00e9t\u00e9<\/p>\n<p>&nbsp;<\/p>\n","protected":false},"excerpt":{"rendered":"<p>La traduction\u00a0simple sera n\u00e9cessaire aux entreprises et soci\u00e9t\u00e9s fran\u00e7aises et internationales voulant se d\u00e9velopper. Tout d&#8217;abord, le fonctionnement m\u00eame de l&#8217;entreprise exigera une traduction de qualit\u00e9 concernant son kbis, ses statuts, brevets ou encore ses contrats. Ces documents devront g\u00e9n\u00e9ralement \u00eatre asserment\u00e9s, mais il arrive que cela ne soit parfois pas n\u00e9cessaire. De plus, il [&hellip;]<\/p>\n","protected":false},"author":1,"featured_media":0,"parent":0,"menu_order":2,"comment_status":"closed","ping_status":"closed","template":"","meta":{"footnotes":""},"_links":{"self":[{"href":"https:\/\/ace-translation.com\/index.php\/wp-json\/wp\/v2\/pages\/56"}],"collection":[{"href":"https:\/\/ace-translation.com\/index.php\/wp-json\/wp\/v2\/pages"}],"about":[{"href":"https:\/\/ace-translation.com\/index.php\/wp-json\/wp\/v2\/types\/page"}],"author":[{"embeddable":true,"href":"https:\/\/ace-translation.com\/index.php\/wp-json\/wp\/v2\/users\/1"}],"replies":[{"embeddable":true,"href":"https:\/\/ace-translation.com\/index.php\/wp-json\/wp\/v2\/comments?post=56"}],"version-history":[{"count":11,"href":"https:\/\/ace-translation.com\/index.php\/wp-json\/wp\/v2\/pages\/56\/revisions"}],"predecessor-version":[{"id":196,"href":"https:\/\/ace-translation.com\/index.php\/wp-json\/wp\/v2\/pages\/56\/revisions\/196"}],"wp:attachment":[{"href":"https:\/\/ace-translation.com\/index.php\/wp-json\/wp\/v2\/media?parent=56"}],"curies":[{"name":"wp","href":"https:\/\/api.w.org\/{rel}","templated":true}]}}